{"id":3204,"date":"2022-10-19T16:18:21","date_gmt":"2022-10-19T13:18:21","guid":{"rendered":"https:\/\/www.logicontrols.com\/emaarsquare\/?post_type=product&#038;p=3204"},"modified":"2023-07-18T12:49:41","modified_gmt":"2023-07-18T09:49:41","slug":"rdg160t","status":"publish","type":"product","link":"https:\/\/www.logicontrols.com\/emaarsquare\/product\/rdg160t\/","title":{"rendered":"RDG160T"},"content":{"rendered":"","protected":false},"excerpt":{"rendered":"<ul>\n<li>RDG160T Fcu Oda Termostat\u0131 AC\/DC 24V,2\/4 Borulu,Z.Prog.<\/li>\n<li>Emaar Square G\u00f6ztepe Sitesi A-B-C-D ve E blok FCU ve Radyat\u00f6r \u0131s\u0131tma kontrol Termostat \u0131 yerine muadil \u00fcr\u00fcn olarak kullan\u0131labilir.<\/li>\n<li>Sat\u0131nalma ve kurulum i\u00e7in Site y\u00f6netimi ile g\u00f6r\u00fc\u015febilirsiniz.<\/li>\n<\/ul>\n","protected":false},"featured_media":3518,"template":"","meta":{"_joinchat":[]},"product_cat":[59,57],"product_tag":[],"class_list":{"0":"post-3204","1":"product","2":"type-product","3":"status-publish","4":"has-post-thumbnail","6":"product_cat-yeni-urun-yeni-urun","7":"product_cat-yeni-urun","9":"first","10":"outofstock","11":"taxable","12":"shipping-taxable","13":"purchasable","14":"product-type-simple"},"_links":{"self":[{"href":"https:\/\/www.logicontrols.com\/emaarsquare\/wp-json\/wp\/v2\/product\/3204"}],"collection":[{"href":"https:\/\/www.logicontrols.com\/emaarsquare\/wp-json\/wp\/v2\/product"}],"about":[{"href":"https:\/\/www.logicontrols.com\/emaarsquare\/wp-json\/wp\/v2\/types\/product"}],"wp:featuredmedia":[{"embeddable":true,"href":"https:\/\/www.logicontrols.com\/emaarsquare\/wp-json\/wp\/v2\/media\/3518"}],"wp:attachment":[{"href":"https:\/\/www.logicontrols.com\/emaarsquare\/wp-json\/wp\/v2\/media?parent=3204"}],"wp:term":[{"taxonomy":"product_cat","embeddable":true,"href":"https:\/\/www.logicontrols.com\/emaarsquare\/wp-json\/wp\/v2\/product_cat?post=3204"},{"taxonomy":"product_tag","embeddable":true,"href":"https:\/\/www.logicontrols.com\/emaarsquare\/wp-json\/wp\/v2\/product_tag?post=3204"}],"curies":[{"name":"wp","href":"https:\/\/api.w.org\/{rel}","templated":true}]}}