{"id":3203,"date":"2022-10-19T16:02:36","date_gmt":"2022-10-19T13:02:36","guid":{"rendered":"https:\/\/www.logicontrols.com\/emaarsquare\/?post_type=product&#038;p=3203"},"modified":"2025-04-21T16:27:32","modified_gmt":"2025-04-21T13:27:32","slug":"at-01-tamirat","status":"publish","type":"product","link":"https:\/\/www.logicontrols.com\/emaarsquare\/product\/at-01-tamirat\/","title":{"rendered":"AT-01 Tamirat"},"content":{"rendered":"","protected":false},"excerpt":{"rendered":"<p>Emaar Square G\u00f6ztepe Sitesi A-B-C-D blok FCU ve Radyat\u00f6r \u0131s\u0131tma kontrol Termostat\u0131<\/p>\n<p><strong>Tamirat Bedeli:<\/strong><br \/>\nFiyata Dahil Kalemler<\/p>\n<ul>\n<li>24Vac G\u00fc\u00e7 ve Kontrol Kart\u0131<\/li>\n<li>Elektronik komponentler<\/li>\n<li>\u0130\u015f\u00e7ilik<\/li>\n<\/ul>\n<p><strong>Not :<\/strong> \u00dcr\u00fcn \u00fczerinde bu sorun d\u0131\u015f\u0131nda tespit edilen sorunlar, ayr\u0131ca bilgilendirilerek fiyatland\u0131r\u0131lacakt\u0131r.<br \/>\n<strong>Not 2 :<\/strong> \u00dcr\u00fcndeki ar\u0131za kaynakl\u0131 tamirat yap\u0131lamamas\u0131 durumunda kontrol \u00fccreti olan 15euro + kdv hizmet bedeli olarak kesilerek, kalan bakiye iade edilecektir.<br \/>\n<strong>Not 3 :\u00a0<\/strong>\u00dcr\u00fcn \u00fczerinde yap\u0131lan i\u015flemlerde, de\u011fi\u015fimi yap\u0131lan par\u00e7alar 1 y\u0131l garanti alt\u0131ndad\u0131r. Bu i\u015flem \u00fcr\u00fcn garantisi i\u00e7ermez. Olu\u015facak farkl\u0131 ar\u0131zalar da (LCD, Sens\u00f6r, Cihaz deformasyonu v.b.) yap\u0131lacak i\u015flemler ayr\u0131ca \u00fccretlendirilir.<br \/>\n<strong>Not 4 :<\/strong>  Tamirat\u0131 yap\u0131lan \u00fcr\u00fcnler kargo ile geri g\u00f6nderilecektir. Montaj esnas\u0131nda meydana gelecek sorunlardan firmam\u0131z sorumlu de\u011fildir.<br \/>\n<strong>Not 5 :<\/strong> Ortalama tamirat s\u00fcresi 10 i\u015f g\u00fcn\u00fcd\u00fcr.<\/p>\n","protected":false},"featured_media":3491,"template":"","meta":{"_joinchat":[]},"product_cat":[58],"product_tag":[],"class_list":{"0":"post-3203","1":"product","2":"type-product","3":"status-publish","4":"has-post-thumbnail","6":"product_cat-tamirat","8":"first","9":"instock","10":"taxable","11":"shipping-taxable","12":"purchasable","13":"product-type-simple"},"_links":{"self":[{"href":"https:\/\/www.logicontrols.com\/emaarsquare\/wp-json\/wp\/v2\/product\/3203"}],"collection":[{"href":"https:\/\/www.logicontrols.com\/emaarsquare\/wp-json\/wp\/v2\/product"}],"about":[{"href":"https:\/\/www.logicontrols.com\/emaarsquare\/wp-json\/wp\/v2\/types\/product"}],"wp:featuredmedia":[{"embeddable":true,"href":"https:\/\/www.logicontrols.com\/emaarsquare\/wp-json\/wp\/v2\/media\/3491"}],"wp:attachment":[{"href":"https:\/\/www.logicontrols.com\/emaarsquare\/wp-json\/wp\/v2\/media?parent=3203"}],"wp:term":[{"taxonomy":"product_cat","embeddable":true,"href":"https:\/\/www.logicontrols.com\/emaarsquare\/wp-json\/wp\/v2\/product_cat?post=3203"},{"taxonomy":"product_tag","embeddable":true,"href":"https:\/\/www.logicontrols.com\/emaarsquare\/wp-json\/wp\/v2\/product_tag?post=3203"}],"curies":[{"name":"wp","href":"https:\/\/api.w.org\/{rel}","templated":true}]}}