{"id":3376,"date":"2022-11-22T12:53:41","date_gmt":"2022-11-22T09:53:41","guid":{"rendered":"https:\/\/www.logicontrols.com\/emaarsquare\/registration\/"},"modified":"2022-11-23T16:49:43","modified_gmt":"2022-11-23T13:49:43","slug":"uye-ol","status":"publish","type":"page","link":"https:\/\/www.logicontrols.com\/emaarsquare\/uye-ol\/","title":{"rendered":"\u00dcye Ol"},"content":{"rendered":"<p>[vc_row][vc_column width=&#8221;1\/6&#8243;][\/vc_column][vc_column width=&#8221;2\/3&#8243;][vc_column_text]<div class=\"piereg_container pieregWrapper\"><div class=\"pieregformWrapper pieregWrapper\"><div id=\"show_pie_register_error_js\" class=\"piereg_entry-content\"><\/div><div id=\"pie_register_reg_form\"><form enctype=\"multipart\/form-data\" class=\"pie_register_reg_form\" id=\"pie_regiser_form\" method=\"post\" action=\"\/emaarsquare\/wp-json\/wp\/v2\/pages\/3376\" data-form=\"1\"><input type=\"hidden\" id=\"piereg_registration_form_nonce\" name=\"piereg_registration_form_nonce\" value=\"c27e8ae4ff\" \/><input type=\"hidden\" name=\"_wp_http_referer\" value=\"\/emaarsquare\/wp-json\/wp\/v2\/pages\/3376\" \/><div class=\"fieldset \"><h2 id=\"piereg_pie_form_heading\">\u00dcye Kay\u0131t Formu<\/h2><p id=\"piereg_pie_form_desc\" ><\/p><\/div><ul id=\"pie_register\"><input type=\"hidden\" value=\"1\" name=\"form_id\" \/><li class=\"fields   pageFields_1 piereg_li_1\" ><div class=\"fieldset\"><label class=\"\" for=\"email_1\">E-posta&nbsp;<span class=\"piereg_field_required_label\">*<\/span><\/label><input  id=\"email_1\" name=\"e_mail\" data-field_id=\"piereg_field_1\" class=\"input_fields  piereg_validate[required,custom[email]]\" data-errormessage-custom-error=\"\" placeholder=\"\" type=\"text\" value=\"\" \/><\/div><\/li><li class=\"fields   pageFields_1 piereg_li_2\" ><div class=\"fieldset\"><label class=\"\" for=\"password_2\">\u015eifre&nbsp;<span class=\"piereg_field_required_label\">*<\/span><\/label><input id=\"password_2\" name=\"password\" data-field_id=\"piereg_field_2\" class=\"input_fields  piereg_validate[minSize[8],required] prPass1\" placeholder=\"\" type=\"password\" data-errormessage-value-missing=\"\" data-errormessage-range-underflow=\"\" data-errormessage-range-overflow=\"\" autocomplete=\"off\" ><span class=\"show-hide-password-innerbtn pass-eye-reg pass-eye-reg_left_label_no_desc  eye\"><\/span><\/div><div class=\"fieldset\"><label>\u015eifre Tekrar&nbsp;<span class=\"piereg_field_required_label\">*<\/span><\/label><input id=\"confirm_password_password_2\" type=\"password\" data-errormessage-value-missing=\"\" data-errormessage-range-underflow=\"\" data-errormessage-range-overflow=\"\" class=\"input_fields  piereg_validate[minSize[8],required,equals[password_2]]  prPass2\" placeholder=\"\" autocomplete=\"off\" \/><span class=\"show-hide-password-innerbtn confirm-pass-eye-reg_left_label_no_desc eye\"><\/span><input class=\"prMinimumPasswordStrengthlength\" type=\"hidden\" id=\"password_strength_meter_1\" data-id=\"1\" value=\"1\" \/><span class=\"prMinimumPasswordStrengthMessage\" id=\"password_strength_message_1\" style=\"display:none;\">G\u00fc\u00e7 Mesaj\u0131<\/span><\/li><li class=\"fields pageFields_1  piereg_li_2\"><div id=\"password_meter\" class=\"fieldset\"><label style=\"visibility: hidden;\">Password not entered<\/label><div id=\"piereg_passwordStrength\" class=\"piereg_pass prPasswordStrengthMeter\" >G\u00fc\u00e7 Metresi<\/div><\/div><\/li><li class=\"fields   pageFields_1 piereg_li_\" ><div class=\"fieldset\"><div class=\"pie_wrap_buttons\"><input name=\"pie_submit\" class=\"pie_submit\" type=\"submit\" value=\"G\u00f6nder\" \/><\/div><\/div><\/li><\/ul><\/form><\/div><\/div><\/div>[\/vc_column_text][\/vc_column][vc_column width=&#8221;1\/6&#8243;][\/vc_column][\/vc_row]<\/p>\n","protected":false},"excerpt":{"rendered":"<p>[vc_row][vc_column width=&#8221;1\/6&#8243;][\/vc_column][vc_column width=&#8221;2\/3&#8243;][vc_column_text][\/vc_column_text][\/vc_column][vc_column width=&#8221;1\/6&#8243;][\/vc_column][\/vc_row]<\/p>\n","protected":false},"author":1,"featured_media":0,"parent":0,"menu_order":0,"comment_status":"closed","ping_status":"closed","template":"","meta":{"_joinchat":[],"footnotes":""},"class_list":["post-3376","page","type-page","status-publish","hentry"],"_links":{"self":[{"href":"https:\/\/www.logicontrols.com\/emaarsquare\/wp-json\/wp\/v2\/pages\/3376"}],"collection":[{"href":"https:\/\/www.logicontrols.com\/emaarsquare\/wp-json\/wp\/v2\/pages"}],"about":[{"href":"https:\/\/www.logicontrols.com\/emaarsquare\/wp-json\/wp\/v2\/types\/page"}],"author":[{"embeddable":true,"href":"https:\/\/www.logicontrols.com\/emaarsquare\/wp-json\/wp\/v2\/users\/1"}],"replies":[{"embeddable":true,"href":"https:\/\/www.logicontrols.com\/emaarsquare\/wp-json\/wp\/v2\/comments?post=3376"}],"version-history":[{"count":4,"href":"https:\/\/www.logicontrols.com\/emaarsquare\/wp-json\/wp\/v2\/pages\/3376\/revisions"}],"predecessor-version":[{"id":3423,"href":"https:\/\/www.logicontrols.com\/emaarsquare\/wp-json\/wp\/v2\/pages\/3376\/revisions\/3423"}],"wp:attachment":[{"href":"https:\/\/www.logicontrols.com\/emaarsquare\/wp-json\/wp\/v2\/media?parent=3376"}],"curies":[{"name":"wp","href":"https:\/\/api.w.org\/{rel}","templated":true}]}}