{"id":3375,"date":"2022-11-22T12:53:41","date_gmt":"2022-11-22T09:53:41","guid":{"rendered":"https:\/\/www.logicontrols.com\/emaarsquare\/login\/"},"modified":"2022-11-23T16:48:56","modified_gmt":"2022-11-23T13:48:56","slug":"giris","status":"publish","type":"page","link":"https:\/\/www.logicontrols.com\/emaarsquare\/giris\/","title":{"rendered":"Giri\u015f"},"content":{"rendered":"<p>[vc_row][vc_column width=&#8221;1\/6&#8243;][\/vc_column][vc_column width=&#8221;2\/3&#8243;][vc_column_text]<span style=\"vertical-align: inherit;\"><span style=\"vertical-align: inherit;\"><div class=\"piereg_container\"><div class=\"piereg_login_container pieregWrapper\"><div class=\"piereg_login_wrapper\">\r\n\t\t<form method=\"post\" id=\"piereg_login_form\" class=\"piereg_loginform\" name=\"loginform\" action=\"\/emaarsquare\/wp-json\/wp\/v2\/pages\/3375\"><ul id=\"pie_register\"><li class=\"fields\"><div class=\"fieldset\"><label for=\"user_login\">Kullan\u0131c\u0131 Ad\u0131\/ E-posta<\/label><input placeholder=\"\" type=\"text\" value=\"\" class=\"input input_fields piereg_validate[required]\" id=\"user_login\" name=\"log\"><\/div><\/li><li class=\"fields\"><div class=\"fieldset\"><div class=\"password_field\"><label for=\"user_pass\">\u015eifre<\/label><input placeholder=\"\" type=\"password\" value=\"\" class=\"input input_fields piereg_validate[required]\" id=\"user_pass\" name=\"pwd\"><span class=\"show-hide-password-innerbtn pass-eye-login eye\"><\/span><\/div><\/div><\/li><li class=\"fields\"><div class=\"fieldset\"><\/div><\/li><\/ul><p class=\"forgetmenot\"><input type=\"checkbox\" value=\"forever\" id=\"rememberme\" name=\"rememberme\"><label for=\"rememberme\">Remember Me<\/label><\/p><input type=\"hidden\" id=\"piereg_login_form_nonce\" name=\"piereg_login_form_nonce\" value=\"2bd9089395\" \/><input type=\"hidden\" name=\"_wp_http_referer\" value=\"\/emaarsquare\/wp-json\/wp\/v2\/pages\/3375\" \/><p class=\"submit\"><input type=\"submit\" value=\"Log In\" class=\"button button-primary button-large\" id=\"wp-login-submit\" name=\"wp-submit\"><input type=\"hidden\" value=\"https:\/\/www.logicontrols.com\/emaarsquare\/wp-admin\/\" name=\"redirect_to\"><input type=\"hidden\" value=\"1\" name=\"testcookie\"><\/p><p id=\"nav\"><a href=\"https:\/\/www.logicontrols.com\/emaarsquare\/uye-ol\/\">Register<\/a><a style=\"cursor:default;text-decoration:none;\" href=\"javascript:;\"> | <\/a><a title=\"Reset your password\" href=\"https:\/\/www.logicontrols.com\/emaarsquare\/sifremi-unuttum\/\">Lost your password?<\/a><\/p>\r\n\t\t<\/form><\/div>\r\n<\/div><\/div><\/span><\/span>[\/vc_column_text][\/vc_column][vc_column width=&#8221;1\/6&#8243;][\/vc_column][\/vc_row]<\/p>\n","protected":false},"excerpt":{"rendered":"<p>[vc_row][vc_column width=&#8221;1\/6&#8243;][\/vc_column][vc_column width=&#8221;2\/3&#8243;][vc_column_text][\/vc_column_text][\/vc_column][vc_column width=&#8221;1\/6&#8243;][\/vc_column][\/vc_row]<\/p>\n","protected":false},"author":1,"featured_media":0,"parent":0,"menu_order":0,"comment_status":"closed","ping_status":"closed","template":"","meta":{"_joinchat":[],"footnotes":""},"class_list":["post-3375","page","type-page","status-publish","hentry"],"_links":{"self":[{"href":"https:\/\/www.logicontrols.com\/emaarsquare\/wp-json\/wp\/v2\/pages\/3375"}],"collection":[{"href":"https:\/\/www.logicontrols.com\/emaarsquare\/wp-json\/wp\/v2\/pages"}],"about":[{"href":"https:\/\/www.logicontrols.com\/emaarsquare\/wp-json\/wp\/v2\/types\/page"}],"author":[{"embeddable":true,"href":"https:\/\/www.logicontrols.com\/emaarsquare\/wp-json\/wp\/v2\/users\/1"}],"replies":[{"embeddable":true,"href":"https:\/\/www.logicontrols.com\/emaarsquare\/wp-json\/wp\/v2\/comments?post=3375"}],"version-history":[{"count":2,"href":"https:\/\/www.logicontrols.com\/emaarsquare\/wp-json\/wp\/v2\/pages\/3375\/revisions"}],"predecessor-version":[{"id":3420,"href":"https:\/\/www.logicontrols.com\/emaarsquare\/wp-json\/wp\/v2\/pages\/3375\/revisions\/3420"}],"wp:attachment":[{"href":"https:\/\/www.logicontrols.com\/emaarsquare\/wp-json\/wp\/v2\/media?parent=3375"}],"curies":[{"name":"wp","href":"https:\/\/api.w.org\/{rel}","templated":true}]}}