{"id":3167,"date":"2022-10-19T12:27:21","date_gmt":"2022-10-19T09:27:21","guid":{"rendered":"https:\/\/www.logicontrols.com\/emaarsquare\/?page_id=3167"},"modified":"2022-10-19T12:27:21","modified_gmt":"2022-10-19T09:27:21","slug":"teslimat-iade-kosullari","status":"publish","type":"page","link":"https:\/\/www.logicontrols.com\/emaarsquare\/teslimat-iade-kosullari\/","title":{"rendered":"Teslimat ve \u0130ade Ko\u015fullar\u0131"},"content":{"rendered":"<p>[vc_row][vc_column][vc_column_text]<strong>TESL\u0130MAT VE \u0130ADE \u015eARTLARI<\/strong><\/p>\n<p>Sipari\u015fleriniz, \u00f6demesi tamamland\u0131ktan sonra en ge\u00e7 7 i\u015f g\u00fcn\u00fc i\u00e7inde kargoya verilecektir.<\/p>\n<p>Grev, lokavt, tabii afetler, ayaklanma, halk hareketleri, n\u00fckleer risk ve tehlike, sava\u015f, istila, ihtilal, i\u00e7 sava\u015f, sabotaj ve yang\u0131n halleri gibi ola\u011fan\u00fcst\u00fc durumlarda ve al\u0131c\u0131dan kaynaklanan (adreste bulunmama, teslim alacak yetkilinin olmamas\u0131, al\u0131c\u0131n\u0131n adresten ta\u015f\u0131nm\u0131\u015f olmas\u0131, vb.) durumlarda teslimat s\u00fcresi ve ko\u015fullar\u0131 de\u011fi\u015fkenlik g\u00f6sterebilir.<\/p>\n<p>Sipari\u015finizi resimli bir kimlik ibraz ederek, imza kar\u015f\u0131l\u0131\u011f\u0131 kargo g\u00f6revlisinden teslim alabilirsiniz.<\/p>\n<p>Sipari\u015finiz teslim edildi\u011finde, kargo yetkilisi e\u015fli\u011finde paketinizi a\u00e7mal\u0131 ve \u00fcr\u00fcn\u00fc kontrol etmelisiniz. \u00d6zellikle ezilmi\u015f, y\u0131rt\u0131lm\u0131\u015f, a\u00e7\u0131lm\u0131\u015f veya \u0131slanm\u0131\u015f paketlerde bunu yapman\u0131z \u00e7ok \u00f6nemlidir. Beklenmedik bir durumda, sorunlu \u00fcr\u00fcnle kar\u015f\u0131la\u015f\u0131rsan\u0131z paketi teslim almay\u0131p kargo yetkilisine tutanak tutturarak kargo \u015firketi taraf\u0131ndan taraf\u0131m\u0131za iade edilmesini sa\u011flaman\u0131z gerekmektedir.<\/p>\n<p>Teslimat an\u0131nda belirtti\u011finiz adreste siz yoksan\u0131z, sipari\u015finiz teslimat adresinde bulunan ki\u015fiye, resimli kimli\u011fi kontrol edilip imzas\u0131 al\u0131nd\u0131ktan sonra teslim edilmektedir.<\/p>\n<p>Teslimat an\u0131nda adreste kimse bulunmazsa, kargo \u015firketi g\u00f6revlisi size kargo \u015firketinin telefon numaras\u0131n\u0131 i\u00e7eren bir haber notu b\u0131rakacakt\u0131r. Haber notu b\u0131rak\u0131lan adrese tekrar u\u011franmaz, bu durumda kargoyu \u015fubeden m\u00fc\u015fteri almal\u0131d\u0131r. Sipari\u015f verdikten sonra teslim alacak ki\u015fi de\u011fi\u015ftirilememektedir.<\/p>\n<p>Teslimat adresi olarak \u201cinternet cafe\u201d, \u201cherhangi bir kahvehane\u201d, \u201ckargo \u015firketlerinin \u015fube adresleri\u201d veya \u201cherhangi bir umuma a\u00e7\u0131k alan\u201d belirtilmi\u015f ise sipari\u015f iptal edilecek ve bu adreslere teslimat yap\u0131lmayacakt\u0131r.<\/p>\n<p>&nbsp;<\/p>\n<p><strong>\u0130ADE \u015eARTLARI<\/strong><\/p>\n<p>T\u00fcm m\u00fc\u015fterilerimizin; t\u00fcketicinin \u2018Sebep G\u00f6stermeksizin Cayma Hakk\u0131\u2019 kapsam\u0131nda 7 i\u015f g\u00fcn\u00fc i\u00e7erisinde yasal iade hakk\u0131 bulunmaktad\u0131r.<\/p>\n<p>Ayr\u0131ca \u00fcretim hatas\u0131 ya da ba\u015fka bir oldu\u011funu d\u00fc\u015f\u00fcnd\u00fc\u011f\u00fcn\u00fcz ve iade etmek istedi\u011finiz \u00fcr\u00fcnleri de teslim ald\u0131\u011f\u0131n\u0131z tarihi takip eden 7 i\u015f g\u00fcn\u00fc i\u00e7erisinde bildirip bize ula\u015ft\u0131rabilirsiniz.<\/p>\n<p>\u0130adenizi \u00e7al\u0131\u015ft\u0131\u011f\u0131m\u0131z kargo \u015firketi ile \u00fccretsiz olarak geri g\u00f6nderebilirsiniz. \u00c7al\u0131\u015ft\u0131\u011f\u0131m\u0131z kargo \u015firketi d\u0131\u015f\u0131nda herhangi ba\u015fka bir kargo \u015firketi ile \u00fcr\u00fcn iadesi yap\u0131lmas\u0131 halinde kargo \u00fccreti g\u00f6nderen taraf\u0131ndan kar\u015f\u0131lanacak, g\u00f6nderen taraf\u0131ndan kargo \u00fccreti kar\u015f\u0131lanmad\u0131\u011f\u0131 ve \u00fcr\u00fcn iadesi kar\u015f\u0131 \u00f6demeli \u015fekilde \u00e7al\u0131\u015ft\u011f\u0131m\u0131z d\u0131\u015f\u0131nda ba\u015fka bir kargo \u015firketi arac\u0131l\u0131\u011f\u0131 ile yap\u0131ld\u0131\u011f\u0131 takdirde Vintage Records kargo \u00fccretini \u00fcr\u00fcn\u00fcn iade bedelinden kesme hakk\u0131na sahip olacakt\u0131r.<\/p>\n<p>Kargonuzu g\u00f6nderdikten sonra, gerekli olmas\u0131 halinde, g\u00f6nderi kodunu payla\u015fman\u0131z istenebilir. L\u00fctfen kargo g\u00f6nderi numaras\u0131n\u0131 saklay\u0131n\u0131z.<\/p>\n<p>Sipari\u015finizi teslim ald\u0131\u011f\u0131n\u0131z tarihten itibaren 7 i\u015f g\u00fcn\u00fc i\u00e7erisinde iade edebilirsiniz. \u0130ade i\u015fleminizle ilgili destek b\u00f6l\u00fcm\u00fcm\u00fcze ula\u015farak bilgi verebilir ve \u00fcr\u00fcn\u00fcn\u00fcz\u00fc faturas\u0131yla birlikte kargo \u015firketi ile \u00f6demeli olarak geri g\u00f6nderebilirsiniz. \u0130ste\u011finiz bize ula\u015ft\u0131\u011f\u0131nda taraf\u0131m\u0131zdan de\u011ferlendirilecek ve size bir bilgi e-postas\u0131 g\u00f6nderilecektir.<\/p>\n<p>\u0130ade edece\u011finiz \u00fcr\u00fcn\u00fc eksiksiz, orijinal faturas\u0131yla, paketi hasar g\u00f6rmemi\u015f, kullan\u0131lmam\u0131\u015f, kullan\u0131m hatas\u0131 sonucu zarar g\u00f6rmemi\u015f haliyle, sipari\u015f numaras\u0131 ve Vintage Records\u2019un do\u011fru adresini i\u00e7erecek \u015fekilde geri g\u00f6nderdi\u011finizden emin olmal\u0131s\u0131n\u0131z.<\/p>\n<p>E\u011fer \u00fcr\u00fcn\u00fcn faturas\u0131 bir kurum ad\u0131na d\u00fczenlenmi\u015f ise, iade i\u015flemi i\u00e7in kurumun d\u00fczenlemi\u015f oldu\u011fu, kargo pay\u0131 dahil edilmeden, \u2018\u00dcr\u00fcn Birim Fiyat\u0131 + KDV\u2019 \u015feklinde kesilmi\u015f bir \u2018\u0130ADE FATURASI\u2019 n\u0131n \u00fcr\u00fcn ile birlikte g\u00f6nderilmesi gerekmektedir.<\/p>\n<p>\u00dcr\u00fcn\u00fcn kutusu, ambalaj\u0131, varsa standart aksesuarlar\u0131 bize iade etti\u011finiz paketin i\u00e7inde eksiksiz ve hasars\u0131z bir \u015fekilde bulunmal\u0131d\u0131r. Orijinal ambalaj\u0131 zarar g\u00f6rm\u00fc\u015f, tahrip edilmi\u015f, herhangi bir \u015fekilde kullan\u0131mdan dolay\u0131 zarar g\u00f6rm\u00fc\u015f \u00fcr\u00fcnlerin iadesi kabul edilmemektedir. Her t\u00fcrl\u00fc yaz\u0131l\u0131m, program, PLAK, DVD, VCD, CD ve kasetlerin, bilgisayar ve k\u0131rtasiye malzemelerinin ancak ambalaj\u0131 a\u00e7\u0131lmam\u0131\u015f, bozulmam\u0131\u015f, kullan\u0131lmam\u0131\u015f ve denenmemi\u015f oldu\u011fu takdirde iadesi kabul edilir.<\/p>\n<p><strong>\u0130adeniz elimize ula\u015ft\u0131ktan sonra:<\/strong><\/p>\n<p>Size bir bilgi e-postas\u0131 g\u00f6nderilecek ve iadeniz onayland\u0131\u011f\u0131nda, \u00fcr\u00fcn bedeli yasal s\u00fcre olan 10 i\u015f g\u00fcn\u00fc i\u00e7erisinde \u00f6demeyi yapt\u0131\u011f\u0131n\u0131z kredi kart\u0131n\u0131za iade edilir. Bu s\u00fcre iade etti\u011finiz \u00fcr\u00fcn\u00fcn taraf\u0131m\u0131zdan teslim almas\u0131yla ba\u015flar. (385 Say\u0131l\u0131 Vergi Us\u00fcl Kanunu Genel Tebli\u011fi uyar\u0131nca zorunludur). \u0130adenizin ekstrenize yans\u0131ma s\u00fcresi bankan\u0131za ba\u011fl\u0131 olarak de\u011fi\u015fiklik g\u00f6stermektedir. \u0130ade i\u015fleminizin kredi kart\u0131n\u0131za yans\u0131mas\u0131nda gecikme ya\u015fanmas\u0131 halinde, size g\u00f6nderdi\u011fimiz bilgi e-postas\u0131n\u0131n i\u00e7inde yer alan \u0130ade \u0130\u015flem Numaras\u0131yla bankan\u0131zdan detayl\u0131 bilgi alabilirsiniz.<\/p>\n<p><strong>DE\u011e\u0130\u015eT\u0130RME KO\u015eULLARI<\/strong><\/p>\n<p>Vintage Records\u2019dan yapt\u0131\u011f\u0131n\u0131z herhangi bir al\u0131\u015fveri\u015fte, \u00fcr\u00fcn\u00fcn niteli\u011fi ne olursa olsun de\u011fi\u015fim yapam\u0131yoruz. Ancak teslim ald\u0131\u011f\u0131n\u0131z andan itibaren 7 g\u00fcn i\u00e7erisinde yukar\u0131da belirtti\u011fimiz ko\u015fullar\u0131 yerine getirerek \u00fcr\u00fcn\u00fc iade edebilirsiniz.<\/p>\n<p>&nbsp;<\/p>\n<p>Sayg\u0131lar\u0131m\u0131zla,<\/p>\n<p>Logicontrols<\/p>\n<p><strong>E-posta:<\/strong> <a href=\"mailto:info@logicontrols.com\">info@logicontrols.com<\/a><\/p>\n<p><strong>Tel:<\/strong> +0216 548 29 29[\/vc_column_text][\/vc_column][\/vc_row]<\/p>\n","protected":false},"excerpt":{"rendered":"<p>[vc_row][vc_column][vc_column_text]TESL\u0130MAT VE \u0130ADE \u015eARTLARI Sipari\u015fleriniz, \u00f6demesi tamamland\u0131ktan sonra en ge\u00e7 7 i\u015f g\u00fcn\u00fc i\u00e7inde kargoya verilecektir. Grev, lokavt, tabii afetler, ayaklanma, halk hareketleri, n\u00fckleer risk ve tehlike, sava\u015f, istila, ihtilal, i\u00e7 sava\u015f, sabotaj ve yang\u0131n halleri gibi ola\u011fan\u00fcst\u00fc durumlarda ve al\u0131c\u0131dan kaynaklanan (adreste bulunmama, teslim alacak yetkilinin olmamas\u0131, al\u0131c\u0131n\u0131n adresten ta\u015f\u0131nm\u0131\u015f olmas\u0131, vb.) durumlarda teslimat s\u00fcresi ve ko\u015fullar\u0131 de\u011fi\u015fkenlik g\u00f6sterebilir. Sipari\u015finizi resimli bir kimlik ibraz ederek, imza kar\u015f\u0131l\u0131\u011f\u0131 kargo g\u00f6revlisinden teslim alabilirsiniz. Sipari\u015finiz teslim edildi\u011finde, kargo yetkilisi e\u015fli\u011finde paketinizi a\u00e7mal\u0131 ve \u00fcr\u00fcn\u00fc kontrol etmelisiniz. \u00d6zellikle ezilmi\u015f, y\u0131rt\u0131lm\u0131\u015f, a\u00e7\u0131lm\u0131\u015f veya \u0131slanm\u0131\u015f paketlerde bunu yapman\u0131z \u00e7ok \u00f6nemlidir. Beklenmedik bir durumda, sorunlu \u00fcr\u00fcnle kar\u015f\u0131la\u015f\u0131rsan\u0131z paketi teslim almay\u0131p kargo yetkilisine tutanak tutturarak&hellip;<\/p>\n","protected":false},"author":1,"featured_media":0,"parent":0,"menu_order":0,"comment_status":"closed","ping_status":"closed","template":"","meta":{"_joinchat":[],"footnotes":""},"class_list":["post-3167","page","type-page","status-publish","hentry"],"_links":{"self":[{"href":"https:\/\/www.logicontrols.com\/emaarsquare\/wp-json\/wp\/v2\/pages\/3167"}],"collection":[{"href":"https:\/\/www.logicontrols.com\/emaarsquare\/wp-json\/wp\/v2\/pages"}],"about":[{"href":"https:\/\/www.logicontrols.com\/emaarsquare\/wp-json\/wp\/v2\/types\/page"}],"author":[{"embeddable":true,"href":"https:\/\/www.logicontrols.com\/emaarsquare\/wp-json\/wp\/v2\/users\/1"}],"replies":[{"embeddable":true,"href":"https:\/\/www.logicontrols.com\/emaarsquare\/wp-json\/wp\/v2\/comments?post=3167"}],"version-history":[{"count":1,"href":"https:\/\/www.logicontrols.com\/emaarsquare\/wp-json\/wp\/v2\/pages\/3167\/revisions"}],"predecessor-version":[{"id":3168,"href":"https:\/\/www.logicontrols.com\/emaarsquare\/wp-json\/wp\/v2\/pages\/3167\/revisions\/3168"}],"wp:attachment":[{"href":"https:\/\/www.logicontrols.com\/emaarsquare\/wp-json\/wp\/v2\/media?parent=3167"}],"curies":[{"name":"wp","href":"https:\/\/api.w.org\/{rel}","templated":true}]}}